{"id":85,"date":"2017-03-02T17:32:07","date_gmt":"2017-03-02T17:32:07","guid":{"rendered":"https:\/\/atesol.com\/?page_id=85"},"modified":"2018-01-11T09:05:00","modified_gmt":"2018-01-11T09:05:00","slug":"quienes-somos","status":"publish","type":"page","link":"https:\/\/atesol.com\/?page_id=85","title":{"rendered":"\u00bfQui\u00e9nes somos?"},"content":{"rendered":"<p>[et_pb_section admin_label=\u00bbsection\u00bb transparent_background=\u00bboff\u00bb allow_player_pause=\u00bboff\u00bb inner_shadow=\u00bboff\u00bb parallax=\u00bbon\u00bb parallax_method=\u00bboff\u00bb padding_mobile=\u00bboff\u00bb make_fullwidth=\u00bboff\u00bb use_custom_width=\u00bboff\u00bb width_unit=\u00bboff\u00bb custom_width_px=\u00bb1080px\u00bb custom_width_percent=\u00bb80%\u00bb make_equal=\u00bboff\u00bb use_custom_gutter=\u00bboff\u00bb fullwidth=\u00bboff\u00bb specialty=\u00bboff\u00bb disabled=\u00bboff\u00bb][et_pb_row admin_label=\u00bbrow\u00bb make_fullwidth=\u00bboff\u00bb use_custom_width=\u00bboff\u00bb width_unit=\u00bboff\u00bb custom_width_px=\u00bb1080px\u00bb custom_width_percent=\u00bb80%\u00bb use_custom_gutter=\u00bboff\u00bb gutter_width=\u00bb1&#8243; padding_mobile=\u00bboff\u00bb allow_player_pause=\u00bboff\u00bb parallax=\u00bbon\u00bb parallax_method=\u00bboff\u00bb make_equal=\u00bboff\u00bb column_padding_mobile=\u00bbon\u00bb parallax_1=\u00bboff\u00bb parallax_method_1=\u00bbon\u00bb parallax_2=\u00bboff\u00bb parallax_method_2=\u00bbon\u00bb parallax_3=\u00bboff\u00bb parallax_method_3=\u00bbon\u00bb parallax_4=\u00bboff\u00bb parallax_method_4=\u00bbon\u00bb disabled=\u00bboff\u00bb][et_pb_column type=\u00bb4_4&#8243;][et_pb_text admin_label=\u00bbTexto\u00bb background_layout=\u00bblight\u00bb text_orientation=\u00bbcenter\u00bb text_font_size=\u00bb60px\u00bb custom_padding=\u00bb||20px|\u00bb text_font_size_phone=\u00bb24px\u00bb text_font_size_last_edited=\u00bbon|phone\u00bb use_border_color=\u00bboff\u00bb border_color=\u00bb#ffffff\u00bb border_style=\u00bbsolid\u00bb]<\/p>\n<p>\u00bfA\u00fan no nos conoces?<\/p>\n<p>[\/et_pb_text][et_pb_accordion admin_label=\u00bbAcorde\u00f3n\u00bb toggle_font_size=\u00bb46px\u00bb body_text_color=\u00bb#ffffff\u00bb body_line_height=\u00bb1em\u00bb use_border_color=\u00bboff\u00bb border_color=\u00bb#ffffff\u00bb border_width=\u00bb1px\u00bb border_style=\u00bbsolid\u00bb disabled=\u00bboff\u00bb] [et_pb_accordion_item open=\u00bbon\u00bb open_toggle_background_color=\u00bb#ffffff\u00bb use_border_color=\u00bboff\u00bb border_color=\u00bb#ffffff\u00bb border_width=\u00bb1px\u00bb border_style=\u00bbsolid\u00bb disabled=\u00bboff\u00bb inline_fonts=\u00bbCherry Cream Soda,Arimo\u00bb]<\/p>\n<p style=\"text-align: justify;\"><strong style=\"color: #494949; font-family: Arimo; font-size: medium;\"><span style=\"color: #e02b20;\">\u00a0 ATESOL Energ\u00edas\u00a0<\/span><\/strong><span style=\"font-family: Arimo; font-weight: normal; color: #494949; font-size: medium;\">es una empresa creada en 2004, con la inquietud y objetivo de llevar a todos los \u00e1mbitos de nuestra comunidad las energ\u00edas renovables.<\/span><\/p>\n<p style=\"text-align: justify;\"><span style=\"font-family: Arimo; font-weight: normal; color: #494949; font-size: medium;\">Para cumplir con este objetivo, Atesol utiliza la \u00faltima tecnolog\u00eda existente en el mercado y realiza con la m\u00e1xima calidad sus instalaciones, haci\u00e9ndolas eficientes, m\u00e1s econ\u00f3micas y sobre todo, m\u00e1s respetuosas con el medioambiente, garantizando la m\u00e1xima rentabilidad.<\/span><\/p>\n<p style=\"text-align: justify;\"><span style=\"font-family: Arimo; font-weight: normal; color: #494949; font-size: medium;\">Disponemos de un departamento de ingenier\u00eda d\u00f3nde le ofreceremos una soluci\u00f3n personalizada a sus necesidades y proyectos.<\/span><\/p>\n<p style=\"text-align: justify;\"><span style=\"font-family: Arimo; font-weight: normal; color: #494949; font-size: medium;\">Aportamos una experiencia acumulada en la gesti\u00f3n de proyectos, basados en energ\u00edas renovables.<\/span><\/p>\n<p style=\"text-align: justify;\"><span style=\"font-family: Arimo; font-weight: normal; color: #494949; font-size: medium;\">Somos especialistas en instalaciones fotovoltaicas aisladas, de autoconsumo y en sistemas de bombeo de agua.<\/span><\/p>\n<p style=\"text-align: justify;\"><span style=\"font-family: Arimo; font-weight: normal; color: #494949; font-size: medium;\">Adem\u00e1s somos distribuidores de equipos solares t\u00e9rmicos para agua caliente sanitaria.\u00a0<\/span><\/p>\n<p>&nbsp;<\/p>\n<p>[\/et_pb_accordion_item] [\/et_pb_accordion][\/et_pb_column][\/et_pb_row][\/et_pb_section][et_pb_section admin_label=\u00bbsection\u00bb global_module=\u00bb921&#8243; transparent_background=\u00bboff\u00bb allow_player_pause=\u00bboff\u00bb inner_shadow=\u00bboff\u00bb parallax=\u00bboff\u00bb parallax_method=\u00bbon\u00bb padding_mobile=\u00bboff\u00bb make_fullwidth=\u00bboff\u00bb use_custom_width=\u00bboff\u00bb width_unit=\u00bboff\u00bb custom_width_px=\u00bb1080px\u00bb custom_width_percent=\u00bb80%\u00bb make_equal=\u00bboff\u00bb use_custom_gutter=\u00bboff\u00bb fullwidth=\u00bboff\u00bb specialty=\u00bboff\u00bb][et_pb_row global_parent=\u00bb921&#8243; admin_label=\u00bbrow\u00bb make_fullwidth=\u00bboff\u00bb use_custom_width=\u00bboff\u00bb width_unit=\u00bboff\u00bb custom_width_px=\u00bb1080px\u00bb custom_width_percent=\u00bb80%\u00bb use_custom_gutter=\u00bboff\u00bb gutter_width=\u00bb1&#8243; custom_padding=\u00bb27px|0px|27px|0px\u00bb padding_mobile=\u00bboff\u00bb allow_player_pause=\u00bboff\u00bb parallax=\u00bboff\u00bb parallax_method=\u00bbon\u00bb make_equal=\u00bboff\u00bb column_padding_mobile=\u00bbon\u00bb parallax_1=\u00bboff\u00bb parallax_method_1=\u00bbon\u00bb parallax_2=\u00bboff\u00bb parallax_method_2=\u00bbon\u00bb parallax_3=\u00bboff\u00bb parallax_method_3=\u00bbon\u00bb parallax_4=\u00bboff\u00bb parallax_method_4=\u00bbon\u00bb][et_pb_column type=\u00bb1_4&#8243;][et_pb_image global_parent=\u00bb921&#8243; admin_label=\u00bbImagen\u00bb src=\u00bbhttps:\/\/atesol.com\/wp-content\/uploads\/if_icon-ios7-email-outline_211604.png\u00bb show_in_lightbox=\u00bboff\u00bb url_new_window=\u00bboff\u00bb use_overlay=\u00bboff\u00bb animation=\u00bbleft\u00bb sticky=\u00bboff\u00bb align=\u00bbright\u00bb force_fullwidth=\u00bboff\u00bb always_center_on_mobile=\u00bbon\u00bb] [\/et_pb_image][\/et_pb_column][et_pb_column type=\u00bb1_4&#8243;][et_pb_text global_parent=\u00bb921&#8243; admin_label=\u00bbTexto\u00bb background_layout=\u00bblight\u00bb text_orientation=\u00bbleft\u00bb inline_fonts=\u00bbAmatic SC,Comfortaa\u00bb header_font_size=\u00bb50px\u00bb text_font_size=\u00bb20px\u00bb]<\/p>\n<h2 style=\"text-align: center;\"><span style=\"font-size: small; font-weight: normal; color: #7cda24;\"><strong><a style=\"color: #7cda24;\" href=\"?page_id=117\">\u00bfTienes alguna pregunta?<\/a><\/strong><\/span><\/h2>\n<h2 style=\"text-align: center;\"><span style=\"font-size: small; font-weight: normal; color: #7cda24;\"><a style=\"color: #7cda24;\" href=\"?page_id=117\">info@atesol.com<\/a><\/span><\/h2>\n<p>&nbsp;<\/p>\n<p>[\/et_pb_text][\/et_pb_column][et_pb_column type=\u00bb1_4&#8243;][et_pb_image global_parent=\u00bb921&#8243; admin_label=\u00bbImagen\u00bb src=\u00bbhttps:\/\/atesol.com\/wp-content\/uploads\/if_phone-outline_353432.png\u00bb show_in_lightbox=\u00bboff\u00bb url_new_window=\u00bboff\u00bb use_overlay=\u00bboff\u00bb animation=\u00bbleft\u00bb sticky=\u00bboff\u00bb align=\u00bbright\u00bb force_fullwidth=\u00bboff\u00bb always_center_on_mobile=\u00bbon\u00bb] [\/et_pb_image][\/et_pb_column][et_pb_column type=\u00bb1_4&#8243;][et_pb_text global_parent=\u00bb921&#8243; admin_label=\u00bbTexto\u00bb background_layout=\u00bblight\u00bb text_orientation=\u00bbleft\u00bb text_line_height=\u00bb1.2em\u00bb inline_fonts=\u00bbComfortaa\u00bb]<\/p>\n<h4 style=\"text-align: center;\"><strong><span style=\"font-size: medium; color: #7cda24;\">Ll\u00e1manos<\/span><\/strong><\/h4>\n<h4 style=\"text-align: center;\"><span style=\"font-weight: normal; font-size: medium; color: #7cda24;\">957 823 333<\/span><\/h4>\n<h4 style=\"text-align: center;\"><span style=\"font-weight: normal; font-size: medium; color: #7cda24;\"> 681 972 269<\/span><\/h4>\n<p>[\/et_pb_text][\/et_pb_column][\/et_pb_row][\/et_pb_section]<\/p>\n","protected":false},"excerpt":{"rendered":"<p>\u00bfA\u00fan no nos conoces? \u00a0 ATESOL Energ\u00edas\u00a0es una empresa creada en 2004, con la inquietud y objetivo de llevar a todos los \u00e1mbitos de nuestra comunidad las energ\u00edas renovables. Para cumplir con este objetivo, Atesol utiliza la \u00faltima tecnolog\u00eda existente en el mercado y realiza con la m\u00e1xima calidad sus instalaciones, haci\u00e9ndolas eficientes, m\u00e1s econ\u00f3micas [&hellip;]<\/p>\n","protected":false},"author":1,"featured_media":0,"parent":0,"menu_order":0,"comment_status":"closed","ping_status":"closed","template":"","meta":{"_et_pb_use_builder":"on","_et_pb_old_content":"","_et_gb_content_width":"","_joinchat":[],"footnotes":""},"class_list":["post-85","page","type-page","status-publish","hentry"],"_links":{"self":[{"href":"https:\/\/atesol.com\/index.php?rest_route=\/wp\/v2\/pages\/85","targetHints":{"allow":["GET"]}}],"collection":[{"href":"https:\/\/atesol.com\/index.php?rest_route=\/wp\/v2\/pages"}],"about":[{"href":"https:\/\/atesol.com\/index.php?rest_route=\/wp\/v2\/types\/page"}],"author":[{"embeddable":true,"href":"https:\/\/atesol.com\/index.php?rest_route=\/wp\/v2\/users\/1"}],"replies":[{"embeddable":true,"href":"https:\/\/atesol.com\/index.php?rest_route=%2Fwp%2Fv2%2Fcomments&post=85"}],"version-history":[{"count":25,"href":"https:\/\/atesol.com\/index.php?rest_route=\/wp\/v2\/pages\/85\/revisions"}],"predecessor-version":[{"id":1123,"href":"https:\/\/atesol.com\/index.php?rest_route=\/wp\/v2\/pages\/85\/revisions\/1123"}],"wp:attachment":[{"href":"https:\/\/atesol.com\/index.php?rest_route=%2Fwp%2Fv2%2Fmedia&parent=85"}],"curies":[{"name":"wp","href":"https:\/\/api.w.org\/{rel}","templated":true}]}}