{"id":109,"date":"2017-03-02T17:50:37","date_gmt":"2017-03-02T17:50:37","guid":{"rendered":"https:\/\/atesol.com\/?page_id=109"},"modified":"2019-09-20T12:07:32","modified_gmt":"2019-09-20T12:07:32","slug":"solar-termodinamico","status":"publish","type":"page","link":"https:\/\/atesol.com\/?page_id=109","title":{"rendered":"Sistemas ANTICAL"},"content":{"rendered":"<p>[et_pb_section transparent_background=\u00bboff\u00bb allow_player_pause=\u00bboff\u00bb inner_shadow=\u00bboff\u00bb parallax=\u00bboff\u00bb parallax_method=\u00bbon\u00bb padding_mobile=\u00bboff\u00bb make_fullwidth=\u00bboff\u00bb use_custom_width=\u00bboff\u00bb width_unit=\u00bboff\u00bb custom_width_px=\u00bb1080px\u00bb custom_width_percent=\u00bb80%\u00bb make_equal=\u00bboff\u00bb use_custom_gutter=\u00bboff\u00bb fullwidth=\u00bboff\u00bb specialty=\u00bboff\u00bb admin_label=\u00bbsection\u00bb disabled=\u00bboff\u00bb][et_pb_row make_fullwidth=\u00bboff\u00bb use_custom_width=\u00bboff\u00bb width_unit=\u00bboff\u00bb custom_width_px=\u00bb1080px\u00bb custom_width_percent=\u00bb80%\u00bb use_custom_gutter=\u00bboff\u00bb gutter_width=\u00bb1&#8243; padding_mobile=\u00bboff\u00bb allow_player_pause=\u00bboff\u00bb parallax=\u00bboff\u00bb parallax_method=\u00bbon\u00bb make_equal=\u00bboff\u00bb column_padding_mobile=\u00bbon\u00bb parallax_1=\u00bboff\u00bb parallax_method_1=\u00bbon\u00bb parallax_2=\u00bboff\u00bb parallax_method_2=\u00bbon\u00bb parallax_3=\u00bboff\u00bb parallax_method_3=\u00bbon\u00bb parallax_4=\u00bboff\u00bb parallax_method_4=\u00bbon\u00bb admin_label=\u00bbrow\u00bb disabled=\u00bboff\u00bb][et_pb_column type=\u00bb4_4&#8243; disabled=\u00bboff\u00bb parallax=\u00bboff\u00bb parallax_method=\u00bbon\u00bb column_padding_mobile=\u00bbon\u00bb][et_pb_text background_layout=\u00bblight\u00bb text_orientation=\u00bbleft\u00bb admin_label=\u00bbText\u00bb use_border_color=\u00bboff\u00bb border_style=\u00bbsolid\u00bb disabled=\u00bboff\u00bb] [\/et_pb_text][et_pb_text background_layout=\u00bblight\u00bb text_orientation=\u00bbcenter\u00bb admin_label=\u00bbTexto\u00bb text_font=\u00bbComfortaa||||\u00bb text_font_size=\u00bb60px\u00bb text_font_size_phone=\u00bb24px\u00bb text_font_size_last_edited=\u00bbon|phone\u00bb use_border_color=\u00bboff\u00bb border_style=\u00bbsolid\u00bb disabled=\u00bboff\u00bb]<\/p>\n<p>Sistemas Anticalc\u00e1reos<\/p>\n<p>[\/et_pb_text][et_pb_text background_layout=\u00bblight\u00bb text_orientation=\u00bbjustified\u00bb admin_label=\u00bbTexto\u00bb text_line_height=\u00bb1.3em\u00bb use_border_color=\u00bboff\u00bb border_style=\u00bbsolid\u00bb disabled=\u00bboff\u00bb]<\/p>\n<p class=\"et-fb-mce-line-break-holder\" style=\"text-align: center;\">\n<p style=\"text-align: center;\"><span style=\"font-size: large;\"><strong><span style=\"color: #ff0000;\">ATESOL<\/span><\/strong> dispone de sistemas anticalc\u00e1reos electr\u00f3nicos que evitan de forma eficaz, ecol\u00f3gica y econ\u00f3mica las incrustaciones de cal causantes de aver\u00edas.<\/span><\/p>\n<p>[\/et_pb_text][\/et_pb_column][\/et_pb_row][et_pb_row make_fullwidth=\u00bboff\u00bb use_custom_width=\u00bboff\u00bb width_unit=\u00bboff\u00bb custom_width_px=\u00bb1080px\u00bb custom_width_percent=\u00bb80%\u00bb use_custom_gutter=\u00bboff\u00bb gutter_width=\u00bb1&#8243; padding_mobile=\u00bboff\u00bb allow_player_pause=\u00bboff\u00bb parallax=\u00bboff\u00bb parallax_method=\u00bbon\u00bb make_equal=\u00bboff\u00bb column_padding_mobile=\u00bbon\u00bb parallax_1=\u00bboff\u00bb parallax_method_1=\u00bbon\u00bb parallax_2=\u00bboff\u00bb parallax_method_2=\u00bbon\u00bb parallax_3=\u00bboff\u00bb parallax_method_3=\u00bbon\u00bb parallax_4=\u00bboff\u00bb parallax_method_4=\u00bbon\u00bb admin_label=\u00bbrow\u00bb disabled=\u00bboff\u00bb][et_pb_column type=\u00bb1_3&#8243; disabled=\u00bboff\u00bb parallax=\u00bboff\u00bb parallax_method=\u00bbon\u00bb column_padding_mobile=\u00bbon\u00bb][et_pb_blurb title=\u00bbHIDR\u00c1ULICAS\u00bb url_new_window=\u00bboff\u00bb use_icon=\u00bboff\u00bb use_circle=\u00bboff\u00bb use_circle_border=\u00bboff\u00bb image=\u00bbhttps:\/\/atesol.com\/wp-content\/uploads\/escaner-3.jpeg\u00bb icon_placement=\u00bbtop\u00bb animation=\u00bbtop\u00bb background_layout=\u00bbdark\u00bb text_orientation=\u00bbcenter\u00bb use_icon_font_size=\u00bboff\u00bb icon_font_size=\u00bb96px\u00bb admin_label=\u00bbAnuncio\u00bb header_font=\u00bbAbel|on|||\u00bb header_font_size=\u00bb40px\u00bb body_font=\u00bbAbel||||\u00bb body_font_size=\u00bb17px\u00bb body_line_height=\u00bb1.5em\u00bb background_color=\u00bbrgba(0,0,0,0.25)\u00bb use_border_color=\u00bbon\u00bb border_color=\u00bb#7cda24&#8243; border_width=\u00bb4px\u00bb border_style=\u00bbsolid\u00bb custom_margin=\u00bb|4px||\u00bb custom_padding=\u00bb||34px|\u00bb disabled=\u00bboff\u00bb]<\/p>\n<p style=\"text-align: center;\">Las acumulaciones de incrustaciones en los equipos producen p\u00e9rdidas de secci\u00f3n importantes. Estas inscrustaciones ocasionar\u00e1n un aumento considerable de energ\u00eda debido a la resistencia generada en el paso de agua a trav\u00e9s de estos<\/p>\n<p>[\/et_pb_blurb][\/et_pb_column][et_pb_column type=\u00bb1_3&#8243; disabled=\u00bboff\u00bb parallax=\u00bboff\u00bb parallax_method=\u00bbon\u00bb column_padding_mobile=\u00bbon\u00bb][et_pb_blurb title=\u00bbBACTERIOL\u00d3GICAS\u00bb url_new_window=\u00bboff\u00bb use_icon=\u00bboff\u00bb use_circle=\u00bboff\u00bb use_circle_border=\u00bboff\u00bb image=\u00bbhttps:\/\/atesol.com\/wp-content\/uploads\/escaner-4.jpeg\u00bb icon_placement=\u00bbtop\u00bb animation=\u00bbtop\u00bb background_layout=\u00bbdark\u00bb text_orientation=\u00bbcenter\u00bb use_icon_font_size=\u00bboff\u00bb icon_font_size=\u00bb96px\u00bb max_width_last_edited=\u00bbon|desktop\u00bb admin_label=\u00bbAnuncio\u00bb header_font=\u00bbAbel|on|||\u00bb header_font_size=\u00bb40px\u00bb body_font=\u00bbAbel||||\u00bb body_font_size=\u00bb17px\u00bb body_line_height=\u00bb1.5em\u00bb background_color=\u00bbrgba(0,0,0,0.25)\u00bb use_border_color=\u00bbon\u00bb border_color=\u00bb#7cda24&#8243; border_width=\u00bb4px\u00bb border_style=\u00bbsolid\u00bb custom_padding=\u00bb||38px|\u00bb disabled=\u00bboff\u00bb]<\/p>\n<p style=\"text-align: center;\">Esta demostrado que las incrustaciones calc\u00e1reas en dep\u00f3sitos, fuentes, redes de abastecimientos,etc, son un factor importante en la aparici\u00f3n de problemas tan importantes como la Legionella<\/p>\n<p style=\"text-align: justify;\">\n[\/et_pb_blurb][\/et_pb_column][et_pb_column type=\u00bb1_3&#8243; disabled=\u00bboff\u00bb parallax=\u00bboff\u00bb parallax_method=\u00bbon\u00bb column_padding_mobile=\u00bbon\u00bb][et_pb_blurb title=\u00bbTECNOL\u00d3GICAS\u00bb url_new_window=\u00bboff\u00bb use_icon=\u00bboff\u00bb use_circle=\u00bboff\u00bb use_circle_border=\u00bboff\u00bb image=\u00bbhttps:\/\/atesol.com\/wp-content\/uploads\/escaner-5.jpeg\u00bb icon_placement=\u00bbtop\u00bb animation=\u00bbtop\u00bb background_layout=\u00bbdark\u00bb text_orientation=\u00bbcenter\u00bb use_icon_font_size=\u00bboff\u00bb icon_font_size=\u00bb96px\u00bb admin_label=\u00bbAnuncio\u00bb header_font=\u00bbAbel|on|||\u00bb header_font_size=\u00bb40px\u00bb body_font=\u00bbAbel||||\u00bb body_font_size=\u00bb18px\u00bb body_line_height=\u00bb1.5em\u00bb background_color=\u00bbrgba(0,0,0,0.25)\u00bb use_border_color=\u00bbon\u00bb border_color=\u00bb#7cda24&#8243; border_width=\u00bb4px\u00bb border_style=\u00bbsolid\u00bb custom_margin=\u00bb|||4px\u00bb custom_padding=\u00bb||60px|\u00bb disabled=\u00bboff\u00bb]<\/p>\n<p>A causa de las incrustaciones el rendimiento de los equipos disminuir\u00e1, as\u00ed como la vida \u00fatil de los mismos<\/p>\n<p style=\"text-align: justify;\">\n[\/et_pb_blurb][\/et_pb_column][\/et_pb_row][et_pb_row make_fullwidth=\u00bboff\u00bb use_custom_width=\u00bboff\u00bb width_unit=\u00bboff\u00bb custom_width_px=\u00bb1080px\u00bb custom_width_percent=\u00bb80%\u00bb use_custom_gutter=\u00bboff\u00bb gutter_width=\u00bb1&#8243; padding_mobile=\u00bboff\u00bb allow_player_pause=\u00bboff\u00bb parallax=\u00bboff\u00bb parallax_method=\u00bbon\u00bb make_equal=\u00bboff\u00bb column_padding_mobile=\u00bbon\u00bb parallax_1=\u00bboff\u00bb parallax_method_1=\u00bbon\u00bb parallax_2=\u00bboff\u00bb parallax_method_2=\u00bbon\u00bb parallax_3=\u00bboff\u00bb parallax_method_3=\u00bbon\u00bb parallax_4=\u00bboff\u00bb parallax_method_4=\u00bbon\u00bb admin_label=\u00bbrow\u00bb disabled=\u00bboff\u00bb][et_pb_column type=\u00bb4_4&#8243; disabled=\u00bboff\u00bb parallax=\u00bboff\u00bb parallax_method=\u00bbon\u00bb column_padding_mobile=\u00bbon\u00bb][et_pb_text background_layout=\u00bblight\u00bb text_orientation=\u00bbleft\u00bb admin_label=\u00bbText\u00bb use_border_color=\u00bboff\u00bb border_style=\u00bbsolid\u00bb disabled=\u00bboff\u00bb] [\/et_pb_text][et_pb_image show_in_lightbox=\u00bboff\u00bb url_new_window=\u00bboff\u00bb use_overlay=\u00bboff\u00bb sticky=\u00bboff\u00bb align=\u00bbleft\u00bb force_fullwidth=\u00bboff\u00bb always_center_on_mobile=\u00bbon\u00bb admin_label=\u00bbImagen\u00bb use_border_color=\u00bboff\u00bb border_color=\u00bb#ffffff\u00bb border_width=\u00bb1px\u00bb border_style=\u00bbsolid\u00bb disabled=\u00bboff\u00bb] [\/et_pb_image][et_pb_text background_layout=\u00bblight\u00bb text_orientation=\u00bbcenter\u00bb admin_label=\u00bbTexto\u00bb use_border_color=\u00bboff\u00bb border_style=\u00bbsolid\u00bb disabled=\u00bboff\u00bb]<\/p>\n<p>Evite aver\u00edas en electrodom\u00e9sticos, como lavavajillas o termos el\u00e9ctricos.<\/p>\n<p style=\"text-align: justify;\">\n[\/et_pb_text][et_pb_image src=\u00bbhttps:\/\/atesol.com\/wp-content\/uploads\/anticallogo2.jpg\u00bb show_in_lightbox=\u00bboff\u00bb url_new_window=\u00bboff\u00bb use_overlay=\u00bboff\u00bb sticky=\u00bboff\u00bb align=\u00bbleft\u00bb force_fullwidth=\u00bboff\u00bb always_center_on_mobile=\u00bbon\u00bb admin_label=\u00bbImagen\u00bb use_border_color=\u00bboff\u00bb border_color=\u00bb#ffffff\u00bb border_width=\u00bb1px\u00bb border_style=\u00bbsolid\u00bb disabled=\u00bboff\u00bb] [\/et_pb_image][et_pb_text background_layout=\u00bblight\u00bb text_orientation=\u00bbcenter\u00bb admin_label=\u00bbTexto\u00bb text_font=\u00bbAbel|on|||on\u00bb use_border_color=\u00bbon\u00bb border_color=\u00bb#7cda24&#8243; border_width=\u00bb5px\u00bb border_style=\u00bbdashed\u00bb custom_margin=\u00bb||40px|\u00bb custom_padding=\u00bb|||\u00bb disabled=\u00bboff\u00bb]<\/p>\n<p>SIN MANTENIMIENTO &#8211; SIN PRODUCTOS QU\u00cdMICOS &#8211; SIN CONTAMINACI\u00d3N<\/p>\n<p style=\"text-align: justify;\">\n[\/et_pb_text][et_pb_image src=\u00bbhttps:\/\/atesol.com\/wp-content\/uploads\/anticallogos1.jpg\u00bb show_in_lightbox=\u00bboff\u00bb url_new_window=\u00bboff\u00bb use_overlay=\u00bboff\u00bb sticky=\u00bboff\u00bb align=\u00bbleft\u00bb force_fullwidth=\u00bboff\u00bb always_center_on_mobile=\u00bbon\u00bb admin_label=\u00bbImagen\u00bb use_border_color=\u00bboff\u00bb border_color=\u00bb#ffffff\u00bb border_width=\u00bb1px\u00bb border_style=\u00bbsolid\u00bb disabled=\u00bboff\u00bb] [\/et_pb_image][et_pb_text background_layout=\u00bblight\u00bb text_orientation=\u00bbcenter\u00bb admin_label=\u00bbTexto\u00bb text_font=\u00bbAbel|on|||on\u00bb use_border_color=\u00bbon\u00bb border_color=\u00bb#7cda24&#8243; border_width=\u00bb5px\u00bb border_style=\u00bbdashed\u00bb custom_margin=\u00bb||50px|\u00bb disabled=\u00bboff\u00bb]<\/p>\n<p>APLICACIONES DOM\u00c9STICAS E INDUSTRIALES &#8211; SISTEMAS DE RIEGO<\/p>\n<p style=\"text-align: justify;\">\n[\/et_pb_text][et_pb_text background_layout=\u00bblight\u00bb text_orientation=\u00bbcenter\u00bb admin_label=\u00bbTexto\u00bb text_line_height=\u00bb1em\u00bb use_border_color=\u00bboff\u00bb border_style=\u00bbsolid\u00bb disabled=\u00bboff\u00bb]<\/p>\n<p><span style=\"font-size: x-large;\"><strong>UNA GAMA COMPLETA PARA CUALQUIER CAUDAL Y ACOMETIDA DESDE 1&#8243; HASTA 32&#8243;<\/strong><\/span><\/p>\n<p style=\"text-align: justify;\">\n[\/et_pb_text][\/et_pb_column][\/et_pb_row][et_pb_row make_fullwidth=\u00bboff\u00bb use_custom_width=\u00bboff\u00bb width_unit=\u00bboff\u00bb custom_width_px=\u00bb1080px\u00bb custom_width_percent=\u00bb80%\u00bb use_custom_gutter=\u00bboff\u00bb gutter_width=\u00bb1&#8243; padding_mobile=\u00bboff\u00bb allow_player_pause=\u00bboff\u00bb parallax=\u00bboff\u00bb parallax_method=\u00bbon\u00bb make_equal=\u00bboff\u00bb column_padding_mobile=\u00bbon\u00bb parallax_1=\u00bboff\u00bb parallax_method_1=\u00bbon\u00bb parallax_2=\u00bboff\u00bb parallax_method_2=\u00bbon\u00bb parallax_3=\u00bboff\u00bb parallax_method_3=\u00bbon\u00bb parallax_4=\u00bboff\u00bb parallax_method_4=\u00bbon\u00bb admin_label=\u00bbrow\u00bb disabled=\u00bboff\u00bb][et_pb_column type=\u00bb1_3&#8243; disabled=\u00bboff\u00bb parallax=\u00bboff\u00bb parallax_method=\u00bbon\u00bb column_padding_mobile=\u00bbon\u00bb][et_pb_image src=\u00bbhttps:\/\/atesol.com\/wp-content\/uploads\/2012-09-14-10.39.00.jpg\u00bb show_in_lightbox=\u00bboff\u00bb url_new_window=\u00bboff\u00bb use_overlay=\u00bboff\u00bb animation=\u00bbfade_in\u00bb sticky=\u00bboff\u00bb align=\u00bbcenter\u00bb force_fullwidth=\u00bboff\u00bb always_center_on_mobile=\u00bbon\u00bb admin_label=\u00bbImagen\u00bb use_border_color=\u00bbon\u00bb border_color=\u00bb#7cda24&#8243; border_width=\u00bb5px\u00bb border_style=\u00bbsolid\u00bb disabled=\u00bboff\u00bb] [\/et_pb_image][\/et_pb_column][et_pb_column type=\u00bb2_3&#8243; disabled=\u00bboff\u00bb parallax=\u00bboff\u00bb parallax_method=\u00bbon\u00bb column_padding_mobile=\u00bbon\u00bb][et_pb_button button_url=\u00bb?page_id=117&#8243; url_new_window=\u00bboff\u00bb button_text=\u00bbSOLICITE INFORMACI\u00d3N\u00bb button_alignment=\u00bbcenter\u00bb background_layout=\u00bblight\u00bb custom_button=\u00bbon\u00bb button_text_size=\u00bb20px\u00bb button_text_color=\u00bb#ffffff\u00bb button_bg_color=\u00bb#7cda24&#8243; button_border_color=\u00bb#7cda24&#8243; button_use_icon=\u00bbon\u00bb button_icon_placement=\u00bbright\u00bb button_on_hover=\u00bbon\u00bb button_letter_spacing_hover=\u00bb0&#8243; button_text_size_phone=\u00bb29px\u00bb button_text_size_last_edited=\u00bbon|desktop\u00bb disabled=\u00bboff\u00bb saved_tabs=\u00bball\u00bb][\/et_pb_button][et_pb_text background_layout=\u00bblight\u00bb text_orientation=\u00bbjustified\u00bb admin_label=\u00bbTexto\u00bb text_line_height=\u00bb1em\u00bb use_border_color=\u00bboff\u00bb border_style=\u00bbsolid\u00bb disabled=\u00bboff\u00bb]<\/p>\n<p style=\"text-align: center;\"><span style=\"font-size: large;\"><span style=\"color: #7cda24;\"><strong>MODELO ANTICALCAREO DOMO<\/strong><\/span> para 3500 l\/h<\/span><\/p>\n<p style=\"text-align: center;\"><span style=\"font-size: large;\">Instalado en vivienda unifamiliar con piscina<\/span><\/p>\n<p style=\"text-align: center;\"><strong><span style=\"font-size: large;\">P\u00eddanos presupuesto e informaci\u00f3n para cualquier aplicaci\u00f3n<\/span><\/strong><\/p>\n<p style=\"text-align: justify;\">\n[\/et_pb_text][\/et_pb_column][\/et_pb_row][\/et_pb_section][et_pb_section transparent_background=\u00bboff\u00bb allow_player_pause=\u00bboff\u00bb inner_shadow=\u00bboff\u00bb parallax=\u00bboff\u00bb parallax_method=\u00bbon\u00bb padding_mobile=\u00bboff\u00bb make_fullwidth=\u00bboff\u00bb use_custom_width=\u00bboff\u00bb width_unit=\u00bboff\u00bb custom_width_px=\u00bb1080px\u00bb custom_width_percent=\u00bb80%\u00bb make_equal=\u00bboff\u00bb use_custom_gutter=\u00bboff\u00bb fullwidth=\u00bboff\u00bb specialty=\u00bboff\u00bb disabled=\u00bboff\u00bb global_module=\u00bb921&#8243;][et_pb_row make_fullwidth=\u00bboff\u00bb use_custom_width=\u00bboff\u00bb width_unit=\u00bboff\u00bb custom_width_px=\u00bb1080px\u00bb custom_width_percent=\u00bb80%\u00bb use_custom_gutter=\u00bboff\u00bb gutter_width=\u00bb1&#8243; custom_padding=\u00bb27px|0px|27px|0px\u00bb padding_mobile=\u00bboff\u00bb allow_player_pause=\u00bboff\u00bb parallax=\u00bboff\u00bb parallax_method=\u00bbon\u00bb make_equal=\u00bboff\u00bb column_padding_mobile=\u00bbon\u00bb parallax_1=\u00bboff\u00bb parallax_method_1=\u00bbon\u00bb parallax_2=\u00bboff\u00bb parallax_method_2=\u00bbon\u00bb parallax_3=\u00bboff\u00bb parallax_method_3=\u00bbon\u00bb parallax_4=\u00bboff\u00bb parallax_method_4=\u00bbon\u00bb disabled=\u00bboff\u00bb][et_pb_column type=\u00bb1_4&#8243; disabled=\u00bboff\u00bb parallax=\u00bboff\u00bb parallax_method=\u00bbon\u00bb column_padding_mobile=\u00bbon\u00bb][et_pb_image src=\u00bbhttps:\/\/atesol.com\/wp-content\/uploads\/if_icon-ios7-email-outline_211604.png\u00bb show_in_lightbox=\u00bboff\u00bb url_new_window=\u00bboff\u00bb use_overlay=\u00bboff\u00bb sticky=\u00bboff\u00bb align=\u00bbright\u00bb force_fullwidth=\u00bboff\u00bb always_center_on_mobile=\u00bbon\u00bb use_border_color=\u00bboff\u00bb border_color=\u00bb#ffffff\u00bb border_width=\u00bb1px\u00bb border_style=\u00bbsolid\u00bb disabled=\u00bboff\u00bb][\/et_pb_image][\/et_pb_column][et_pb_column type=\u00bb1_4&#8243; disabled=\u00bboff\u00bb parallax=\u00bboff\u00bb parallax_method=\u00bbon\u00bb column_padding_mobile=\u00bbon\u00bb][et_pb_text background_layout=\u00bblight\u00bb text_orientation=\u00bbleft\u00bb header_font_size=\u00bb50px\u00bb text_font_size=\u00bb20px\u00bb use_border_color=\u00bboff\u00bb border_style=\u00bbsolid\u00bb disabled=\u00bboff\u00bb inline_fonts=\u00bbAmatic SC,Comfortaa\u00bb]<\/p>\n<h2 style=\"text-align: center;\"><span style=\"font-size: small; font-weight: normal; color: #7cda24;\"><strong><a href=\"?page_id=117\" style=\"color: #7cda24;\">\u00bfTienes alguna pregunta?<\/a><\/strong><\/span><\/h2>\n<h2 style=\"text-align: center;\"><span style=\"font-size: small; font-weight: normal; color: #7cda24;\"><a href=\"?page_id=117\" style=\"color: #7cda24;\">info@atesol.com<\/a><\/span><\/h2>\n<p><span style=\"font-size: small;\"><strong><span style=\"font-family: Comfortaa;\"><\/span><\/strong><\/span><\/p>\n<p>[\/et_pb_text][\/et_pb_column][et_pb_column type=\u00bb1_4&#8243; disabled=\u00bboff\u00bb parallax=\u00bboff\u00bb parallax_method=\u00bbon\u00bb column_padding_mobile=\u00bbon\u00bb][et_pb_image src=\u00bbhttps:\/\/atesol.com\/wp-content\/uploads\/if_phone-outline_353432.png\u00bb show_in_lightbox=\u00bboff\u00bb url_new_window=\u00bboff\u00bb use_overlay=\u00bboff\u00bb sticky=\u00bboff\u00bb align=\u00bbright\u00bb force_fullwidth=\u00bboff\u00bb always_center_on_mobile=\u00bbon\u00bb use_border_color=\u00bboff\u00bb border_color=\u00bb#ffffff\u00bb border_width=\u00bb1px\u00bb border_style=\u00bbsolid\u00bb disabled=\u00bboff\u00bb][\/et_pb_image][\/et_pb_column][et_pb_column type=\u00bb1_4&#8243; disabled=\u00bboff\u00bb parallax=\u00bboff\u00bb parallax_method=\u00bbon\u00bb column_padding_mobile=\u00bbon\u00bb][et_pb_text background_layout=\u00bblight\u00bb text_orientation=\u00bbleft\u00bb text_line_height=\u00bb1.2em\u00bb use_border_color=\u00bboff\u00bb border_style=\u00bbsolid\u00bb disabled=\u00bboff\u00bb inline_fonts=\u00bbComfortaa\u00bb]<\/p>\n<h4 style=\"text-align: center;\"><strong><span style=\"font-size: medium; color: #7cda24;\">Ll\u00e1manos<\/span><\/strong><\/h4>\n<h4 style=\"text-align: center;\"><span style=\"font-weight: normal; font-size: medium; color: #7cda24;\">957 823 333<\/span><\/h4>\n<h4 style=\"text-align: center;\"><span style=\"font-weight: normal; font-size: medium; color: #7cda24;\"> 669 374 574<\/span><\/h4>\n<p>[\/et_pb_text][\/et_pb_column][\/et_pb_row][\/et_pb_section]<\/p>\n","protected":false},"excerpt":{"rendered":"<p>Sistemas Anticalc\u00e1reos ATESOL dispone de sistemas anticalc\u00e1reos electr\u00f3nicos que evitan de forma eficaz, ecol\u00f3gica y econ\u00f3mica las incrustaciones de cal causantes de aver\u00edas. Las acumulaciones de incrustaciones en los equipos producen p\u00e9rdidas de secci\u00f3n importantes. Estas inscrustaciones ocasionar\u00e1n un aumento considerable de energ\u00eda debido a la resistencia generada en el paso de agua a trav\u00e9s [&hellip;]<\/p>\n","protected":false},"author":1,"featured_media":0,"parent":0,"menu_order":0,"comment_status":"closed","ping_status":"closed","template":"","meta":{"_et_pb_use_builder":"on","_et_pb_old_content":"","_et_gb_content_width":"","_joinchat":[],"footnotes":""},"class_list":["post-109","page","type-page","status-publish","hentry"],"_links":{"self":[{"href":"https:\/\/atesol.com\/index.php?rest_route=\/wp\/v2\/pages\/109","targetHints":{"allow":["GET"]}}],"collection":[{"href":"https:\/\/atesol.com\/index.php?rest_route=\/wp\/v2\/pages"}],"about":[{"href":"https:\/\/atesol.com\/index.php?rest_route=\/wp\/v2\/types\/page"}],"author":[{"embeddable":true,"href":"https:\/\/atesol.com\/index.php?rest_route=\/wp\/v2\/users\/1"}],"replies":[{"embeddable":true,"href":"https:\/\/atesol.com\/index.php?rest_route=%2Fwp%2Fv2%2Fcomments&post=109"}],"version-history":[{"count":34,"href":"https:\/\/atesol.com\/index.php?rest_route=\/wp\/v2\/pages\/109\/revisions"}],"predecessor-version":[{"id":1332,"href":"https:\/\/atesol.com\/index.php?rest_route=\/wp\/v2\/pages\/109\/revisions\/1332"}],"wp:attachment":[{"href":"https:\/\/atesol.com\/index.php?rest_route=%2Fwp%2Fv2%2Fmedia&parent=109"}],"curies":[{"name":"wp","href":"https:\/\/api.w.org\/{rel}","templated":true}]}}