{"id":107,"date":"2017-03-02T17:50:18","date_gmt":"2017-03-02T17:50:18","guid":{"rendered":"https:\/\/atesol.com\/?page_id=107"},"modified":"2019-09-20T12:06:09","modified_gmt":"2019-09-20T12:06:09","slug":"solar-termica","status":"publish","type":"page","link":"https:\/\/atesol.com\/?page_id=107","title":{"rendered":"Energ\u00eda Solar T\u00e9rmica"},"content":{"rendered":"<p>[et_pb_section transparent_background=\u00bboff\u00bb allow_player_pause=\u00bboff\u00bb inner_shadow=\u00bboff\u00bb parallax=\u00bboff\u00bb parallax_method=\u00bbon\u00bb padding_mobile=\u00bboff\u00bb make_fullwidth=\u00bboff\u00bb use_custom_width=\u00bboff\u00bb width_unit=\u00bboff\u00bb custom_width_px=\u00bb1080px\u00bb custom_width_percent=\u00bb80%\u00bb make_equal=\u00bboff\u00bb use_custom_gutter=\u00bboff\u00bb fullwidth=\u00bboff\u00bb specialty=\u00bboff\u00bb admin_label=\u00bbsection\u00bb disabled=\u00bboff\u00bb][et_pb_row make_fullwidth=\u00bboff\u00bb use_custom_width=\u00bboff\u00bb width_unit=\u00bboff\u00bb custom_width_px=\u00bb1080px\u00bb custom_width_percent=\u00bb80%\u00bb use_custom_gutter=\u00bboff\u00bb gutter_width=\u00bb1&#8243; padding_mobile=\u00bboff\u00bb allow_player_pause=\u00bboff\u00bb parallax=\u00bboff\u00bb parallax_method=\u00bbon\u00bb make_equal=\u00bboff\u00bb column_padding_mobile=\u00bbon\u00bb parallax_1=\u00bboff\u00bb parallax_method_1=\u00bbon\u00bb parallax_2=\u00bboff\u00bb parallax_method_2=\u00bbon\u00bb parallax_3=\u00bboff\u00bb parallax_method_3=\u00bbon\u00bb parallax_4=\u00bboff\u00bb parallax_method_4=\u00bbon\u00bb admin_label=\u00bbrow\u00bb disabled=\u00bboff\u00bb][et_pb_column type=\u00bb4_4&#8243; disabled=\u00bboff\u00bb parallax=\u00bboff\u00bb parallax_method=\u00bbon\u00bb column_padding_mobile=\u00bbon\u00bb][et_pb_text background_layout=\u00bblight\u00bb text_orientation=\u00bbleft\u00bb admin_label=\u00bbText\u00bb use_border_color=\u00bboff\u00bb border_style=\u00bbsolid\u00bb disabled=\u00bboff\u00bb]<\/p>\n<p>[\/et_pb_text][et_pb_text background_layout=\u00bblight\u00bb text_orientation=\u00bbcenter\u00bb text_font=\u00bbComfortaa||||\u00bb text_font_size=\u00bb60px\u00bb text_font_size_phone=\u00bb24px\u00bb text_font_size_last_edited=\u00bbon|phone\u00bb use_border_color=\u00bboff\u00bb border_style=\u00bbsolid\u00bb disabled=\u00bboff\u00bb]<\/p>\n<p>Energ\u00eda Solar T\u00e9rmica<\/p>\n<p>[\/et_pb_text][et_pb_text background_layout=\u00bblight\u00bb text_orientation=\u00bbjustified\u00bb text_line_height=\u00bb1em\u00bb use_border_color=\u00bboff\u00bb border_color=\u00bb#ff0000&#8243; border_style=\u00bbsolid\u00bb disabled=\u00bboff\u00bb]<\/p>\n<p>\u00a0<\/p>\n<p><span style=\"font-size: large;\">La energ\u00eda solar t\u00e9rmica consiste en el aprovechamiento de la energ\u00eda del sol para producir calor, que puede aprovecharse para la producci\u00f3n de agua caliente destinada al consumo dom\u00e9stico y tambi\u00e9n industrial.<\/span><\/p>\n<p><span style=\"font-size: large;\"><strong><span style=\"color: #e02b20;\">ATESOL<\/span><\/strong>\u00a0dispone de equipos con <strong>10 A\u00f1os de Garant\u00eda<\/strong>.<\/span><\/p>\n<p>[\/et_pb_text][et_pb_text background_layout=\u00bblight\u00bb text_orientation=\u00bbcenter\u00bb header_font=\u00bbAbel||||\u00bb text_font=\u00bbAbel|on|||on\u00bb text_font_size=\u00bb33px\u00bb use_border_color=\u00bbon\u00bb border_color=\u00bb#7cda24&#8243; border_width=\u00bb5px\u00bb border_style=\u00bbdashed\u00bb disabled=\u00bboff\u00bb]<\/p>\n<p>FINANCIACI\u00d3N 100% desde 30 \u20ac mes<\/p>\n<p>[\/et_pb_text][et_pb_image src=\u00bbhttps:\/\/atesol.com\/wp-content\/uploads\/PA200737.jpg\u00bb show_in_lightbox=\u00bboff\u00bb url_new_window=\u00bboff\u00bb use_overlay=\u00bboff\u00bb animation=\u00bbfade_in\u00bb sticky=\u00bboff\u00bb align=\u00bbcenter\u00bb force_fullwidth=\u00bbon\u00bb always_center_on_mobile=\u00bbon\u00bb use_border_color=\u00bbon\u00bb border_color=\u00bb#7cda24&#8243; border_width=\u00bb5px\u00bb border_style=\u00bbsolid\u00bb custom_margin=\u00bb40px|70px||70px\u00bb disabled=\u00bboff\u00bb][\/et_pb_image][et_pb_text background_layout=\u00bblight\u00bb text_orientation=\u00bbcenter\u00bb text_line_height=\u00bb1em\u00bb use_border_color=\u00bboff\u00bb border_style=\u00bbsolid\u00bb disabled=\u00bboff\u00bb]<\/p>\n<p><strong><span style=\"font-size: large;\">Equipos compactos para Agua caliente<\/span><\/strong><\/p>\n<p>EMPIECE AHORRAR YA, NO ESPERE M\u00c1S<\/p>\n<p>\u00a0<\/p>\n<p>[\/et_pb_text][et_pb_button button_url=\u00bb?page_id=117&#8243; url_new_window=\u00bboff\u00bb button_text=\u00bbSOLICITE PRESUPUESTO SIN COMPROMISO\u00bb button_alignment=\u00bbcenter\u00bb background_layout=\u00bblight\u00bb custom_button=\u00bbon\u00bb button_text_size=\u00bb44px\u00bb button_text_color=\u00bb#ffffff\u00bb button_bg_color=\u00bb#7cda24&#8243; button_border_color=\u00bb#7cda24&#8243; button_use_icon=\u00bbon\u00bb button_icon_placement=\u00bbright\u00bb button_on_hover=\u00bbon\u00bb button_letter_spacing_hover=\u00bb0&#8243; button_text_size_phone=\u00bb29px\u00bb button_text_size_last_edited=\u00bbon|desktop\u00bb disabled=\u00bboff\u00bb saved_tabs=\u00bball\u00bb][\/et_pb_button][\/et_pb_column][\/et_pb_row][et_pb_row make_fullwidth=\u00bboff\u00bb use_custom_width=\u00bboff\u00bb width_unit=\u00bboff\u00bb custom_width_px=\u00bb1080px\u00bb custom_width_percent=\u00bb80%\u00bb use_custom_gutter=\u00bboff\u00bb gutter_width=\u00bb1&#8243; padding_mobile=\u00bboff\u00bb allow_player_pause=\u00bboff\u00bb parallax=\u00bboff\u00bb parallax_method=\u00bbon\u00bb make_equal=\u00bboff\u00bb column_padding_mobile=\u00bbon\u00bb parallax_1=\u00bboff\u00bb parallax_method_1=\u00bbon\u00bb parallax_2=\u00bboff\u00bb parallax_method_2=\u00bbon\u00bb parallax_3=\u00bboff\u00bb parallax_method_3=\u00bbon\u00bb parallax_4=\u00bboff\u00bb parallax_method_4=\u00bbon\u00bb disabled=\u00bboff\u00bb][et_pb_column type=\u00bb1_3&#8243; disabled=\u00bboff\u00bb parallax=\u00bboff\u00bb parallax_method=\u00bbon\u00bb column_padding_mobile=\u00bbon\u00bb][et_pb_image src=\u00bbhttps:\/\/atesol.com\/wp-content\/uploads\/P5180083.jpg\u00bb show_in_lightbox=\u00bboff\u00bb url_new_window=\u00bboff\u00bb use_overlay=\u00bboff\u00bb sticky=\u00bboff\u00bb align=\u00bbleft\u00bb force_fullwidth=\u00bboff\u00bb always_center_on_mobile=\u00bbon\u00bb use_border_color=\u00bbon\u00bb border_color=\u00bb#7cda24&#8243; border_width=\u00bb5px\u00bb border_style=\u00bbsolid\u00bb disabled=\u00bboff\u00bb][\/et_pb_image][\/et_pb_column][et_pb_column type=\u00bb2_3&#8243; disabled=\u00bboff\u00bb parallax=\u00bboff\u00bb parallax_method=\u00bbon\u00bb column_padding_mobile=\u00bbon\u00bb][et_pb_text background_layout=\u00bblight\u00bb text_orientation=\u00bbcenter\u00bb text_line_height=\u00bb1em\u00bb use_border_color=\u00bboff\u00bb border_style=\u00bbsolid\u00bb disabled=\u00bboff\u00bb]<\/p>\n<p>\u00a0<\/p>\n<p>\u00a0<\/p>\n<p>\u00a0<\/p>\n<p>Sistema solar t\u00e9rmico para lavadero de coches en Montilla, reduciendo en un 85% el consumo de gasoil.<\/p>\n<p>Instalaci\u00f3n realizada por <span style=\"color: #e02b20;\"><strong>ATESOL<\/strong><\/span><\/p>\n<p>[\/et_pb_text][\/et_pb_column][\/et_pb_row][\/et_pb_section][et_pb_section transparent_background=\u00bboff\u00bb allow_player_pause=\u00bboff\u00bb inner_shadow=\u00bboff\u00bb parallax=\u00bboff\u00bb parallax_method=\u00bbon\u00bb padding_mobile=\u00bboff\u00bb make_fullwidth=\u00bboff\u00bb use_custom_width=\u00bboff\u00bb width_unit=\u00bboff\u00bb custom_width_px=\u00bb1080px\u00bb custom_width_percent=\u00bb80%\u00bb make_equal=\u00bboff\u00bb use_custom_gutter=\u00bboff\u00bb fullwidth=\u00bboff\u00bb specialty=\u00bboff\u00bb disabled=\u00bboff\u00bb global_module=\u00bb921&#8243;][et_pb_row make_fullwidth=\u00bboff\u00bb use_custom_width=\u00bboff\u00bb width_unit=\u00bboff\u00bb custom_width_px=\u00bb1080px\u00bb custom_width_percent=\u00bb80%\u00bb use_custom_gutter=\u00bboff\u00bb gutter_width=\u00bb1&#8243; custom_padding=\u00bb27px|0px|27px|0px\u00bb padding_mobile=\u00bboff\u00bb allow_player_pause=\u00bboff\u00bb parallax=\u00bboff\u00bb parallax_method=\u00bbon\u00bb make_equal=\u00bboff\u00bb column_padding_mobile=\u00bbon\u00bb parallax_1=\u00bboff\u00bb parallax_method_1=\u00bbon\u00bb parallax_2=\u00bboff\u00bb parallax_method_2=\u00bbon\u00bb parallax_3=\u00bboff\u00bb parallax_method_3=\u00bbon\u00bb parallax_4=\u00bboff\u00bb parallax_method_4=\u00bbon\u00bb disabled=\u00bboff\u00bb][et_pb_column type=\u00bb1_4&#8243; disabled=\u00bboff\u00bb parallax=\u00bboff\u00bb parallax_method=\u00bbon\u00bb column_padding_mobile=\u00bbon\u00bb][et_pb_image src=\u00bbhttps:\/\/atesol.com\/wp-content\/uploads\/if_icon-ios7-email-outline_211604.png\u00bb show_in_lightbox=\u00bboff\u00bb url_new_window=\u00bboff\u00bb use_overlay=\u00bboff\u00bb sticky=\u00bboff\u00bb align=\u00bbright\u00bb force_fullwidth=\u00bboff\u00bb always_center_on_mobile=\u00bbon\u00bb use_border_color=\u00bboff\u00bb border_color=\u00bb#ffffff\u00bb border_width=\u00bb1px\u00bb border_style=\u00bbsolid\u00bb disabled=\u00bboff\u00bb][\/et_pb_image][\/et_pb_column][et_pb_column type=\u00bb1_4&#8243; disabled=\u00bboff\u00bb parallax=\u00bboff\u00bb parallax_method=\u00bbon\u00bb column_padding_mobile=\u00bbon\u00bb][et_pb_text background_layout=\u00bblight\u00bb text_orientation=\u00bbleft\u00bb header_font_size=\u00bb50px\u00bb text_font_size=\u00bb20px\u00bb use_border_color=\u00bboff\u00bb border_style=\u00bbsolid\u00bb disabled=\u00bboff\u00bb inline_fonts=\u00bbAmatic SC,Comfortaa\u00bb]<\/p>\n<h2 style=\"text-align: center;\"><span style=\"font-size: small; font-weight: normal; color: #7cda24;\"><strong><a href=\"?page_id=117\" style=\"color: #7cda24;\">\u00bfTienes alguna pregunta?<\/a><\/strong><\/span><\/h2>\n<h2 style=\"text-align: center;\"><span style=\"font-size: small; font-weight: normal; color: #7cda24;\"><a href=\"?page_id=117\" style=\"color: #7cda24;\">info@atesol.com<\/a><\/span><\/h2>\n<p><span style=\"font-size: small;\"><strong><span style=\"font-family: Comfortaa;\"><\/span><\/strong><\/span><\/p>\n<p>[\/et_pb_text][\/et_pb_column][et_pb_column type=\u00bb1_4&#8243; disabled=\u00bboff\u00bb parallax=\u00bboff\u00bb parallax_method=\u00bbon\u00bb column_padding_mobile=\u00bbon\u00bb][et_pb_image src=\u00bbhttps:\/\/atesol.com\/wp-content\/uploads\/if_phone-outline_353432.png\u00bb show_in_lightbox=\u00bboff\u00bb url_new_window=\u00bboff\u00bb use_overlay=\u00bboff\u00bb sticky=\u00bboff\u00bb align=\u00bbright\u00bb force_fullwidth=\u00bboff\u00bb always_center_on_mobile=\u00bbon\u00bb use_border_color=\u00bboff\u00bb border_color=\u00bb#ffffff\u00bb border_width=\u00bb1px\u00bb border_style=\u00bbsolid\u00bb disabled=\u00bboff\u00bb][\/et_pb_image][\/et_pb_column][et_pb_column type=\u00bb1_4&#8243; disabled=\u00bboff\u00bb parallax=\u00bboff\u00bb parallax_method=\u00bbon\u00bb column_padding_mobile=\u00bbon\u00bb][et_pb_text background_layout=\u00bblight\u00bb text_orientation=\u00bbleft\u00bb text_line_height=\u00bb1.2em\u00bb use_border_color=\u00bboff\u00bb border_style=\u00bbsolid\u00bb disabled=\u00bboff\u00bb inline_fonts=\u00bbComfortaa\u00bb]<\/p>\n<h4 style=\"text-align: center;\"><strong><span style=\"font-size: medium; color: #7cda24;\">Ll\u00e1manos<\/span><\/strong><\/h4>\n<h4 style=\"text-align: center;\"><span style=\"font-weight: normal; font-size: medium; color: #7cda24;\">957 823 333<\/span><\/h4>\n<h4 style=\"text-align: center;\"><span style=\"font-weight: normal; font-size: medium; color: #7cda24;\"> 669 374 574<\/span><\/h4>\n<p>[\/et_pb_text][\/et_pb_column][\/et_pb_row][\/et_pb_section]<\/p>\n","protected":false},"excerpt":{"rendered":"<p>Energ\u00eda Solar T\u00e9rmica \u00a0 La energ\u00eda solar t\u00e9rmica consiste en el aprovechamiento de la energ\u00eda del sol para producir calor, que puede aprovecharse para la producci\u00f3n de agua caliente destinada al consumo dom\u00e9stico y tambi\u00e9n industrial. ATESOL\u00a0dispone de equipos con 10 A\u00f1os de Garant\u00eda. FINANCIACI\u00d3N 100% desde 30 \u20ac mes Equipos compactos para Agua caliente [&hellip;]<\/p>\n","protected":false},"author":1,"featured_media":0,"parent":0,"menu_order":0,"comment_status":"closed","ping_status":"closed","template":"","meta":{"_et_pb_use_builder":"on","_et_pb_old_content":"","_et_gb_content_width":"","_joinchat":[],"footnotes":""},"class_list":["post-107","page","type-page","status-publish","hentry"],"_links":{"self":[{"href":"https:\/\/atesol.com\/index.php?rest_route=\/wp\/v2\/pages\/107","targetHints":{"allow":["GET"]}}],"collection":[{"href":"https:\/\/atesol.com\/index.php?rest_route=\/wp\/v2\/pages"}],"about":[{"href":"https:\/\/atesol.com\/index.php?rest_route=\/wp\/v2\/types\/page"}],"author":[{"embeddable":true,"href":"https:\/\/atesol.com\/index.php?rest_route=\/wp\/v2\/users\/1"}],"replies":[{"embeddable":true,"href":"https:\/\/atesol.com\/index.php?rest_route=%2Fwp%2Fv2%2Fcomments&post=107"}],"version-history":[{"count":18,"href":"https:\/\/atesol.com\/index.php?rest_route=\/wp\/v2\/pages\/107\/revisions"}],"predecessor-version":[{"id":1331,"href":"https:\/\/atesol.com\/index.php?rest_route=\/wp\/v2\/pages\/107\/revisions\/1331"}],"wp:attachment":[{"href":"https:\/\/atesol.com\/index.php?rest_route=%2Fwp%2Fv2%2Fmedia&parent=107"}],"curies":[{"name":"wp","href":"https:\/\/api.w.org\/{rel}","templated":true}]}}